{"id":120,"date":"2018-08-19T18:14:00","date_gmt":"2018-08-19T15:14:00","guid":{"rendered":"https:\/\/www.makikuisma.fi\/?page_id=120"},"modified":"2022-11-03T16:09:25","modified_gmt":"2022-11-03T14:09:25","slug":"120-2","status":"publish","type":"page","link":"https:\/\/www.makikuisma.fi\/?page_id=120","title":{"rendered":"V\u00e4litt\u00e4j\u00e4n asemassa olevan rukous"},"content":{"rendered":"<p>Olen kuolemattoman olennon edess\u00e4<br \/>\nKorkeimman p\u00e4\u00e4t\u00f6ksest\u00e4 johtuen,<br \/>\npidin siit\u00e4 tai en<\/p>\n<p>H\u00e4n on olento, joka on Rakkaudesta l\u00e4ht\u00f6isin<br \/>\nH\u00e4n muuttuu solidaariseksi kanssani, koska tuntee kipua, koska tuntee k\u00e4rsimyst\u00e4<br \/>\njohtuen omasta rakenteestaan<\/p>\n<p>H\u00e4n omaa henkisen ja herk\u00e4n voiman<br \/>\nSe elint\u00e4rke\u00e4 aines, joka h\u00e4nen olemuksessaan asustaa, on vesi<br \/>\nH\u00e4n on unohtanut, ett\u00e4 h\u00e4n on olento sijoittuneena Taivaan ja Maan v\u00e4liin<\/p>\n<p>ja se todellinen parantava teko, joka minun tulee toteuttaa<br \/>\non muuntaa h\u00e4net siksi, mit\u00e4 h\u00e4n todellisuudessa on: T\u00e4htiolennoksi<\/p>\n<p>jotta h\u00e4n voi elvytt\u00e4\u00e4 todellisen Rakkauden tietoisuutensa,<br \/>\njonka alku on Korkeimmassa<br \/>\njotta h\u00e4n tiet\u00e4\u00e4, ett\u00e4 h\u00e4nen olemisensa, viiv\u00e4hdyksens\u00e4 maassa on viiv\u00e4hdys,<br \/>\njossa antaa puhdistavaa todistusta ja jotta osaa k\u00e4ytt\u00e4\u00e4 muotoaan hyveen temppelin\u00e4<\/p>\n<p>Sen uskon pohjalta, joka asustaa syd\u00e4mess\u00e4ni<br \/>\nKorkeimman my\u00f6ntymyksell\u00e4, Korkeimman suostumuksella<br \/>\ntoimin k\u00e4sill\u00e4ni johdataakseni h\u00e4net kohti h\u00e4nen todellista kohtaloaan<\/p>\n<p>J.L. Padilla<\/p>\n","protected":false},"excerpt":{"rendered":"<p>Olen kuolemattoman olennon edess\u00e4 Korkeimman p\u00e4\u00e4t\u00f6ksest\u00e4 johtuen, pidin siit\u00e4 tai en H\u00e4n on olento, joka on Rakkaudesta l\u00e4ht\u00f6isin H\u00e4n muuttuu solidaariseksi kanssani, koska tuntee kipua,&#8230;<\/p>\n","protected":false},"author":1,"featured_media":0,"parent":0,"menu_order":0,"comment_status":"closed","ping_status":"closed","template":"","meta":{"_monsterinsights_skip_tracking":false,"_monsterinsights_sitenote_active":false,"_monsterinsights_sitenote_note":"","_monsterinsights_sitenote_category":0,"footnotes":""},"class_list":["post-120","page","type-page","status-publish","hentry"],"_links":{"self":[{"href":"https:\/\/www.makikuisma.fi\/index.php?rest_route=\/wp\/v2\/pages\/120","targetHints":{"allow":["GET"]}}],"collection":[{"href":"https:\/\/www.makikuisma.fi\/index.php?rest_route=\/wp\/v2\/pages"}],"about":[{"href":"https:\/\/www.makikuisma.fi\/index.php?rest_route=\/wp\/v2\/types\/page"}],"author":[{"embeddable":true,"href":"https:\/\/www.makikuisma.fi\/index.php?rest_route=\/wp\/v2\/users\/1"}],"replies":[{"embeddable":true,"href":"https:\/\/www.makikuisma.fi\/index.php?rest_route=%2Fwp%2Fv2%2Fcomments&post=120"}],"version-history":[{"count":7,"href":"https:\/\/www.makikuisma.fi\/index.php?rest_route=\/wp\/v2\/pages\/120\/revisions"}],"predecessor-version":[{"id":149,"href":"https:\/\/www.makikuisma.fi\/index.php?rest_route=\/wp\/v2\/pages\/120\/revisions\/149"}],"wp:attachment":[{"href":"https:\/\/www.makikuisma.fi\/index.php?rest_route=%2Fwp%2Fv2%2Fmedia&parent=120"}],"curies":[{"name":"wp","href":"https:\/\/api.w.org\/{rel}","templated":true}]}}