{"id":152,"date":"2018-08-19T18:55:10","date_gmt":"2018-08-19T15:55:10","guid":{"rendered":"https:\/\/www.makikuisma.fi\/?page_id=152"},"modified":"2018-08-23T16:41:20","modified_gmt":"2018-08-23T13:41:20","slug":"akupunktio","status":"publish","type":"page","link":"https:\/\/www.makikuisma.fi\/?page_id=152","title":{"rendered":"Akupunktio"},"content":{"rendered":"<p>Akupunktio on neuloilla teht\u00e4v\u00e4 hoito. Hoidoissa k\u00e4ytet\u00e4\u00e4n hyvin ohuita kertak\u00e4ytt\u00f6neuloja, yleisin k\u00e4ytetty koko on 0,25 mm x 40 mm. Neulojen annetaan vaikuttaa 5-20 minuuttia. Hoidon aikana voidaan laittaa useampi sarja neuloja.<\/p>\n<p>Akupunktioneulat pistet\u00e4\u00e4n ymp\u00e4ri kehoa sijaitseviin akupunktiopisteisiin, jotka sijaitsevat meridiaaneilla eli kanavilla. Neuloilla pyrit\u00e4\u00e4n vaikuttamaan kehon erilaisten energioiden liikkeeseen ja luonteeseen. K\u00e4sittelem\u00e4ll\u00e4 akupunktiopisteit\u00e4 pyrit\u00e4\u00e4n saamaan kehoon tasapaino, jotta ihminen saavuttaa terveyden tilan.<\/p>\n<p>Akupunktiohoidon j\u00e4lkeen voi tulla v\u00e4symyst\u00e4 tai tuntemus on vitalisoiva. Joskus hoidettavan vaivan tai sairauden oireet voimistuvat, mutta tasaantuvat ajan my\u00f6t\u00e4. T\u00e4rkeint\u00e4 hoidon j\u00e4lkeen on kuunnella, mit\u00e4 keho pyyt\u00e4\u00e4. Akupunktion hoitomahdollisuudet ovat laajat. Aina kun siihen on mahdollisuus, sit\u00e4 kannattaa kokeilla.<\/p>\n<p><img loading=\"lazy\" decoding=\"async\" class=\" wp-image-282 alignleft\" src=\"https:\/\/www.makikuisma.fi\/wp-content\/uploads\/2018\/08\/DSC_015561657-300x200.jpg\" alt=\"\" width=\"345\" height=\"230\" srcset=\"https:\/\/www.makikuisma.fi\/wp-content\/uploads\/2018\/08\/DSC_015561657-300x200.jpg 300w, https:\/\/www.makikuisma.fi\/wp-content\/uploads\/2018\/08\/DSC_015561657-768x512.jpg 768w, https:\/\/www.makikuisma.fi\/wp-content\/uploads\/2018\/08\/DSC_015561657-1024x683.jpg 1024w, https:\/\/www.makikuisma.fi\/wp-content\/uploads\/2018\/08\/DSC_015561657-770x513.jpg 770w, https:\/\/www.makikuisma.fi\/wp-content\/uploads\/2018\/08\/DSC_015561657-370x247.jpg 370w\" sizes=\"auto, (max-width: 345px) 100vw, 345px\" \/><img loading=\"lazy\" decoding=\"async\" class=\"wp-image-276 alignleft\" src=\"https:\/\/www.makikuisma.fi\/wp-content\/uploads\/2018\/08\/DSC_016161658-300x200.jpg\" alt=\"\" width=\"347\" height=\"231\" srcset=\"https:\/\/www.makikuisma.fi\/wp-content\/uploads\/2018\/08\/DSC_016161658-300x200.jpg 300w, https:\/\/www.makikuisma.fi\/wp-content\/uploads\/2018\/08\/DSC_016161658-768x512.jpg 768w, https:\/\/www.makikuisma.fi\/wp-content\/uploads\/2018\/08\/DSC_016161658-1024x683.jpg 1024w, https:\/\/www.makikuisma.fi\/wp-content\/uploads\/2018\/08\/DSC_016161658-770x513.jpg 770w, https:\/\/www.makikuisma.fi\/wp-content\/uploads\/2018\/08\/DSC_016161658-370x247.jpg 370w\" sizes=\"auto, (max-width: 347px) 100vw, 347px\" \/><\/p>\n<p>&nbsp;<\/p>\n<p>&nbsp;<\/p>\n<p>&nbsp;<\/p>\n<p>&nbsp;<\/p>\n<p>&nbsp;<\/p>\n<p>&nbsp;<\/p>\n<p><img loading=\"lazy\" decoding=\"async\" class=\"aligncenter wp-image-351 size-medium\" src=\"https:\/\/www.makikuisma.fi\/wp-content\/uploads\/2018\/08\/DSC_017661713-300x200.jpg\" alt=\"\" width=\"300\" height=\"200\" srcset=\"https:\/\/www.makikuisma.fi\/wp-content\/uploads\/2018\/08\/DSC_017661713-300x200.jpg 300w, https:\/\/www.makikuisma.fi\/wp-content\/uploads\/2018\/08\/DSC_017661713-768x512.jpg 768w, https:\/\/www.makikuisma.fi\/wp-content\/uploads\/2018\/08\/DSC_017661713-1024x683.jpg 1024w, https:\/\/www.makikuisma.fi\/wp-content\/uploads\/2018\/08\/DSC_017661713-770x513.jpg 770w, https:\/\/www.makikuisma.fi\/wp-content\/uploads\/2018\/08\/DSC_017661713-370x247.jpg 370w\" sizes=\"auto, (max-width: 300px) 100vw, 300px\" \/><\/p>\n","protected":false},"excerpt":{"rendered":"<p>Akupunktio on neuloilla teht\u00e4v\u00e4 hoito. Hoidoissa k\u00e4ytet\u00e4\u00e4n hyvin ohuita kertak\u00e4ytt\u00f6neuloja, yleisin k\u00e4ytetty koko on 0,25 mm x 40 mm. Neulojen annetaan vaikuttaa 5-20 minuuttia. Hoidon&#8230;<\/p>\n","protected":false},"author":1,"featured_media":0,"parent":108,"menu_order":1,"comment_status":"closed","ping_status":"closed","template":"","meta":{"_monsterinsights_skip_tracking":false,"_monsterinsights_sitenote_active":false,"_monsterinsights_sitenote_note":"","_monsterinsights_sitenote_category":0,"footnotes":""},"class_list":["post-152","page","type-page","status-publish","hentry"],"_links":{"self":[{"href":"https:\/\/www.makikuisma.fi\/index.php?rest_route=\/wp\/v2\/pages\/152","targetHints":{"allow":["GET"]}}],"collection":[{"href":"https:\/\/www.makikuisma.fi\/index.php?rest_route=\/wp\/v2\/pages"}],"about":[{"href":"https:\/\/www.makikuisma.fi\/index.php?rest_route=\/wp\/v2\/types\/page"}],"author":[{"embeddable":true,"href":"https:\/\/www.makikuisma.fi\/index.php?rest_route=\/wp\/v2\/users\/1"}],"replies":[{"embeddable":true,"href":"https:\/\/www.makikuisma.fi\/index.php?rest_route=%2Fwp%2Fv2%2Fcomments&post=152"}],"version-history":[{"count":17,"href":"https:\/\/www.makikuisma.fi\/index.php?rest_route=\/wp\/v2\/pages\/152\/revisions"}],"predecessor-version":[{"id":390,"href":"https:\/\/www.makikuisma.fi\/index.php?rest_route=\/wp\/v2\/pages\/152\/revisions\/390"}],"up":[{"embeddable":true,"href":"https:\/\/www.makikuisma.fi\/index.php?rest_route=\/wp\/v2\/pages\/108"}],"wp:attachment":[{"href":"https:\/\/www.makikuisma.fi\/index.php?rest_route=%2Fwp%2Fv2%2Fmedia&parent=152"}],"curies":[{"name":"wp","href":"https:\/\/api.w.org\/{rel}","templated":true}]}}