{"id":155,"date":"2018-08-19T18:55:54","date_gmt":"2018-08-19T15:55:54","guid":{"rendered":"https:\/\/www.makikuisma.fi\/?page_id=155"},"modified":"2018-08-23T16:44:34","modified_gmt":"2018-08-23T13:44:34","slug":"moksibustio","status":"publish","type":"page","link":"https:\/\/www.makikuisma.fi\/?page_id=155","title":{"rendered":"Moksibustio"},"content":{"rendered":"<p>Moksibustio joko t\u00e4ydent\u00e4\u00e4 akupunktiohoitoa tai sen voi tehd\u00e4 my\u00f6s itsen\u00e4isen\u00e4 hoitona. Moksibustio tehd\u00e4\u00e4n kuumennettavalla pujosikarilla ja hoito voidaan tehd\u00e4 my\u00f6s pujoallergiasta k\u00e4rsiville.<\/p>\n<p>Ep\u00e4suorassa moksibustiossa akupunktiopistett\u00e4, kanavaa tai kehon tietty\u00e4 aluetta l\u00e4mmitet\u00e4\u00e4n koskettamatta ihoa hitaasti l\u00e4hestyen kohdetta toistuvasti, kunnes l\u00e4mm\u00f6n tunne alkaa levit\u00e4.<\/p>\n<p>Moksibustio harmonisoi, vahvistaa, liikuttaa ja hajauttaa energioita, ja tuntuu hyvin miellytt\u00e4v\u00e4lt\u00e4 etenkin kylmien s\u00e4iden aikana. Suoraa moksibustiota k\u00e4ytet\u00e4\u00e4n erikoistilanteissa ja harvemmin.<\/p>\n<p><img loading=\"lazy\" decoding=\"async\" class=\"size-medium wp-image-343 alignleft\" src=\"https:\/\/www.makikuisma.fi\/wp-content\/uploads\/2018\/08\/DSC_011961710-300x200.jpg\" alt=\"\" width=\"300\" height=\"200\" srcset=\"https:\/\/www.makikuisma.fi\/wp-content\/uploads\/2018\/08\/DSC_011961710-300x200.jpg 300w, https:\/\/www.makikuisma.fi\/wp-content\/uploads\/2018\/08\/DSC_011961710-768x512.jpg 768w, https:\/\/www.makikuisma.fi\/wp-content\/uploads\/2018\/08\/DSC_011961710-1024x683.jpg 1024w, https:\/\/www.makikuisma.fi\/wp-content\/uploads\/2018\/08\/DSC_011961710-770x513.jpg 770w, https:\/\/www.makikuisma.fi\/wp-content\/uploads\/2018\/08\/DSC_011961710-370x247.jpg 370w\" sizes=\"auto, (max-width: 300px) 100vw, 300px\" \/><img loading=\"lazy\" decoding=\"async\" class=\"size-medium wp-image-381 alignleft\" src=\"https:\/\/www.makikuisma.fi\/wp-content\/uploads\/2018\/08\/moksibustio2-200x300.jpg\" alt=\"\" width=\"200\" height=\"300\" srcset=\"https:\/\/www.makikuisma.fi\/wp-content\/uploads\/2018\/08\/moksibustio2-200x300.jpg 200w, https:\/\/www.makikuisma.fi\/wp-content\/uploads\/2018\/08\/moksibustio2-768x1152.jpg 768w, https:\/\/www.makikuisma.fi\/wp-content\/uploads\/2018\/08\/moksibustio2-683x1024.jpg 683w\" sizes=\"auto, (max-width: 200px) 100vw, 200px\" \/><\/p>\n","protected":false},"excerpt":{"rendered":"<p>Moksibustio joko t\u00e4ydent\u00e4\u00e4 akupunktiohoitoa tai sen voi tehd\u00e4 my\u00f6s itsen\u00e4isen\u00e4 hoitona. Moksibustio tehd\u00e4\u00e4n kuumennettavalla pujosikarilla ja hoito voidaan tehd\u00e4 my\u00f6s pujoallergiasta k\u00e4rsiville. Ep\u00e4suorassa moksibustiossa akupunktiopistett\u00e4,&#8230;<\/p>\n","protected":false},"author":1,"featured_media":0,"parent":108,"menu_order":6,"comment_status":"closed","ping_status":"closed","template":"","meta":{"_monsterinsights_skip_tracking":false,"_monsterinsights_sitenote_active":false,"_monsterinsights_sitenote_note":"","_monsterinsights_sitenote_category":0,"footnotes":""},"class_list":["post-155","page","type-page","status-publish","hentry"],"_links":{"self":[{"href":"https:\/\/www.makikuisma.fi\/index.php?rest_route=\/wp\/v2\/pages\/155","targetHints":{"allow":["GET"]}}],"collection":[{"href":"https:\/\/www.makikuisma.fi\/index.php?rest_route=\/wp\/v2\/pages"}],"about":[{"href":"https:\/\/www.makikuisma.fi\/index.php?rest_route=\/wp\/v2\/types\/page"}],"author":[{"embeddable":true,"href":"https:\/\/www.makikuisma.fi\/index.php?rest_route=\/wp\/v2\/users\/1"}],"replies":[{"embeddable":true,"href":"https:\/\/www.makikuisma.fi\/index.php?rest_route=%2Fwp%2Fv2%2Fcomments&post=155"}],"version-history":[{"count":17,"href":"https:\/\/www.makikuisma.fi\/index.php?rest_route=\/wp\/v2\/pages\/155\/revisions"}],"predecessor-version":[{"id":385,"href":"https:\/\/www.makikuisma.fi\/index.php?rest_route=\/wp\/v2\/pages\/155\/revisions\/385"}],"up":[{"embeddable":true,"href":"https:\/\/www.makikuisma.fi\/index.php?rest_route=\/wp\/v2\/pages\/108"}],"wp:attachment":[{"href":"https:\/\/www.makikuisma.fi\/index.php?rest_route=%2Fwp%2Fv2%2Fmedia&parent=155"}],"curies":[{"name":"wp","href":"https:\/\/api.w.org\/{rel}","templated":true}]}}