{"id":158,"date":"2018-08-19T18:56:22","date_gmt":"2018-08-19T15:56:22","guid":{"rendered":"https:\/\/www.makikuisma.fi\/?page_id=158"},"modified":"2018-10-06T12:58:20","modified_gmt":"2018-10-06T09:58:20","slug":"kuivakuppaus","status":"publish","type":"page","link":"https:\/\/www.makikuisma.fi\/?page_id=158","title":{"rendered":"Kuivakuppaus"},"content":{"rendered":"<p>Kuivakuppaus tehd\u00e4\u00e4n usein akupunktion ja\/tai moksibustion yhteydess\u00e4, yleens\u00e4 ennen muita hoitoja. Hoidon seurauksena hoidettavan alueen energian ja veren kierto elpyy, ja hoito on lymfaattinen ja rentouttava.<\/p>\n<p>Hoidossa lasikuppeihin tehd\u00e4\u00e4n alipaine ja kuppi painetaan kiinni ihoon, johon se asettuu napakasti. Kuppien vaikutusaika on 10-20 min.<\/p>\n<p>Kuivakuppaus aktivoi kehon omaa immunologista j\u00e4rjestelm\u00e4\u00e4 ja sit\u00e4 k\u00e4ytet\u00e4\u00e4n etenkin lihasjumien poistoon. Liukukuppausta k\u00e4ytet\u00e4\u00e4n flunssan hoitoon.<\/p>\n<p>Kuivakuppauksesta voi j\u00e4\u00e4d\u00e4 j\u00e4lki\u00e4 ihoon, mutta ne h\u00e4lvenev\u00e4t parissa p\u00e4iv\u00e4ss\u00e4.<\/p>\n<p><img loading=\"lazy\" decoding=\"async\" class=\"wp-image-361 size-medium alignleft\" src=\"https:\/\/www.makikuisma.fi\/wp-content\/uploads\/2018\/08\/DSC_010661711-300x200.jpg\" alt=\"\" width=\"300\" height=\"200\" srcset=\"https:\/\/www.makikuisma.fi\/wp-content\/uploads\/2018\/08\/DSC_010661711-300x200.jpg 300w, https:\/\/www.makikuisma.fi\/wp-content\/uploads\/2018\/08\/DSC_010661711-768x512.jpg 768w, https:\/\/www.makikuisma.fi\/wp-content\/uploads\/2018\/08\/DSC_010661711-1024x683.jpg 1024w, https:\/\/www.makikuisma.fi\/wp-content\/uploads\/2018\/08\/DSC_010661711-770x513.jpg 770w, https:\/\/www.makikuisma.fi\/wp-content\/uploads\/2018\/08\/DSC_010661711-370x247.jpg 370w\" sizes=\"auto, (max-width: 300px) 100vw, 300px\" \/><\/p>\n<p><img loading=\"lazy\" decoding=\"async\" class=\"wp-image-269 alignleft\" src=\"https:\/\/www.makikuisma.fi\/wp-content\/uploads\/2018\/08\/kuivakuppaus-300x169.jpg\" alt=\"\" width=\"357\" height=\"201\" srcset=\"https:\/\/www.makikuisma.fi\/wp-content\/uploads\/2018\/08\/kuivakuppaus-300x169.jpg 300w, https:\/\/www.makikuisma.fi\/wp-content\/uploads\/2018\/08\/kuivakuppaus.jpg 640w\" sizes=\"auto, (max-width: 357px) 100vw, 357px\" \/><\/p>\n","protected":false},"excerpt":{"rendered":"<p>Kuivakuppaus tehd\u00e4\u00e4n usein akupunktion ja\/tai moksibustion yhteydess\u00e4, yleens\u00e4 ennen muita hoitoja. Hoidon seurauksena hoidettavan alueen energian ja veren kierto elpyy, ja hoito on lymfaattinen ja&#8230;<\/p>\n","protected":false},"author":1,"featured_media":0,"parent":108,"menu_order":4,"comment_status":"closed","ping_status":"closed","template":"","meta":{"_monsterinsights_skip_tracking":false,"_monsterinsights_sitenote_active":false,"_monsterinsights_sitenote_note":"","_monsterinsights_sitenote_category":0,"footnotes":""},"class_list":["post-158","page","type-page","status-publish","hentry"],"_links":{"self":[{"href":"https:\/\/www.makikuisma.fi\/index.php?rest_route=\/wp\/v2\/pages\/158","targetHints":{"allow":["GET"]}}],"collection":[{"href":"https:\/\/www.makikuisma.fi\/index.php?rest_route=\/wp\/v2\/pages"}],"about":[{"href":"https:\/\/www.makikuisma.fi\/index.php?rest_route=\/wp\/v2\/types\/page"}],"author":[{"embeddable":true,"href":"https:\/\/www.makikuisma.fi\/index.php?rest_route=\/wp\/v2\/users\/1"}],"replies":[{"embeddable":true,"href":"https:\/\/www.makikuisma.fi\/index.php?rest_route=%2Fwp%2Fv2%2Fcomments&post=158"}],"version-history":[{"count":6,"href":"https:\/\/www.makikuisma.fi\/index.php?rest_route=\/wp\/v2\/pages\/158\/revisions"}],"predecessor-version":[{"id":362,"href":"https:\/\/www.makikuisma.fi\/index.php?rest_route=\/wp\/v2\/pages\/158\/revisions\/362"}],"up":[{"embeddable":true,"href":"https:\/\/www.makikuisma.fi\/index.php?rest_route=\/wp\/v2\/pages\/108"}],"wp:attachment":[{"href":"https:\/\/www.makikuisma.fi\/index.php?rest_route=%2Fwp%2Fv2%2Fmedia&parent=158"}],"curies":[{"name":"wp","href":"https:\/\/api.w.org\/{rel}","templated":true}]}}