{"id":199,"date":"2018-08-19T19:33:31","date_gmt":"2018-08-19T16:33:31","guid":{"rendered":"https:\/\/www.makikuisma.fi\/?page_id=199"},"modified":"2025-05-05T19:02:43","modified_gmt":"2025-05-05T16:02:43","slug":"yhteystiedot","status":"publish","type":"page","link":"https:\/\/www.makikuisma.fi\/?page_id=199","title":{"rendered":"Yhteystiedot ja hinnasto"},"content":{"rendered":"<p>Kangaslahdentie 200<br \/>\n73990 Kangaslahti<\/p>\n<p>puh. 0400 699 331<br \/>\nhoitolamakikuisma@gmail.com<\/p>\n<p>makikuisma.fi<\/p>\n<p>Hoidon (90 min.) hinta on 65,00 \u20ac ja (120 min.) 80 \u20ac Kangaslahdessa.<\/p>\n<p>Nurmeksessa hoidon hinta (90 min) on 70,00 \u20ac ja (120 min.) 85 \u20ac.<\/p>\n<p>Hoitoon kuuluvat kaikki hoitotavat eli hieronta ja kaikki kiinalaiset hoitomenetelm\u00e4t asiakkaan tarpeen mukaan.<\/p>\n<p>Hoitojen maksu onnistuu <strong>k\u00e4teisell\u00e4, laskulla, MobilePaylla <\/strong>tai<strong> mobiilisovelluksilla.<\/strong><\/p>\n<p>Akupunktio l\u00e4\u00e4k\u00e4rin l\u00e4hetteell\u00e4 ja klassinen hieronta maksut my\u00f6s <strong>ePassilla <\/strong>tai <strong>Smartumilla<\/strong>.<\/p>\n<p>Hoitoaika tulee perua v\u00e4hint\u00e4\u00e4n 24 tuntia ennen hoitoa. Jos peruminen tapahtuu lyhyemm\u00e4ll\u00e4 ajalla, voidaan hoidosta peri\u00e4 t\u00e4ysi maksu. Perinn\u00e4n hoitaa Ropo Capital Oy.<\/p>\n","protected":false},"excerpt":{"rendered":"<p>Kangaslahdentie 200 73990 Kangaslahti puh. 0400 699 331 hoitolamakikuisma@gmail.com makikuisma.fi Hoidon (90 min.) hinta on 65,00 \u20ac ja (120 min.) 80 \u20ac Kangaslahdessa. Nurmeksessa hoidon&#8230;<\/p>\n","protected":false},"author":1,"featured_media":0,"parent":0,"menu_order":4,"comment_status":"closed","ping_status":"closed","template":"","meta":{"_monsterinsights_skip_tracking":false,"_monsterinsights_sitenote_active":false,"_monsterinsights_sitenote_note":"","_monsterinsights_sitenote_category":0,"footnotes":""},"class_list":["post-199","page","type-page","status-publish","hentry"],"_links":{"self":[{"href":"https:\/\/www.makikuisma.fi\/index.php?rest_route=\/wp\/v2\/pages\/199","targetHints":{"allow":["GET"]}}],"collection":[{"href":"https:\/\/www.makikuisma.fi\/index.php?rest_route=\/wp\/v2\/pages"}],"about":[{"href":"https:\/\/www.makikuisma.fi\/index.php?rest_route=\/wp\/v2\/types\/page"}],"author":[{"embeddable":true,"href":"https:\/\/www.makikuisma.fi\/index.php?rest_route=\/wp\/v2\/users\/1"}],"replies":[{"embeddable":true,"href":"https:\/\/www.makikuisma.fi\/index.php?rest_route=%2Fwp%2Fv2%2Fcomments&post=199"}],"version-history":[{"count":30,"href":"https:\/\/www.makikuisma.fi\/index.php?rest_route=\/wp\/v2\/pages\/199\/revisions"}],"predecessor-version":[{"id":560,"href":"https:\/\/www.makikuisma.fi\/index.php?rest_route=\/wp\/v2\/pages\/199\/revisions\/560"}],"wp:attachment":[{"href":"https:\/\/www.makikuisma.fi\/index.php?rest_route=%2Fwp%2Fv2%2Fmedia&parent=199"}],"curies":[{"name":"wp","href":"https:\/\/api.w.org\/{rel}","templated":true}]}}