{"id":216,"date":"2018-08-19T21:42:20","date_gmt":"2018-08-19T18:42:20","guid":{"rendered":"https:\/\/www.makikuisma.fi\/?page_id=216"},"modified":"2020-06-14T15:50:35","modified_gmt":"2020-06-14T12:50:35","slug":"216-2","status":"publish","type":"page","link":"https:\/\/www.makikuisma.fi\/","title":{"rendered":"* * *"},"content":{"rendered":"<blockquote>\n<h3><em>\u201dMonet sairaudet johtuvat siit\u00e4, ett\u00e4&#8230;<\/em><\/h3>\n<h4><em>&#8230;henkil\u00f6 itse ei tee el\u00e4m\u00e4ss\u00e4\u00e4n sit\u00e4 mit\u00e4 h\u00e4nen pit\u00e4isi tehd\u00e4, tai sit\u00e4 mit\u00e4 varten h\u00e4net suunniteltiin.<\/em><\/h4>\n<h4><em>Usein h\u00e4n tuntee itsens\u00e4 pakotetuksi tekem\u00e4\u00e4n tiettyj\u00e4 asioita rahan tai mukavuuden vuoksi, eik\u00e4 h\u00e4nell\u00e4 ole todellakaan voimaa muuttua.<\/em><\/h4>\n<h4><em>T\u00e4ss\u00e4 tilanteessa voidaan toimia alkuper\u00e4n kanssa auttaen henkil\u00f6\u00e4 elvytt\u00e4m\u00e4\u00e4n itsess\u00e4\u00e4n kyvyn toimia oman todellisen suunnitelmansa mukaan.\u201d<\/em><\/h4>\n<h4>J.L.Padilla:&nbsp;<em>Henk\u00e4yksen taiteella parantaminen<\/em><\/h4>\n<\/blockquote>\n","protected":false},"excerpt":{"rendered":"<p>\u201dMonet sairaudet johtuvat siit\u00e4, ett\u00e4&#8230; &#8230;henkil\u00f6 itse ei tee el\u00e4m\u00e4ss\u00e4\u00e4n sit\u00e4 mit\u00e4 h\u00e4nen pit\u00e4isi tehd\u00e4, tai sit\u00e4 mit\u00e4 varten h\u00e4net suunniteltiin. Usein h\u00e4n tuntee itsens\u00e4&#8230;<\/p>\n","protected":false},"author":1,"featured_media":0,"parent":0,"menu_order":0,"comment_status":"closed","ping_status":"closed","template":"","meta":{"_monsterinsights_skip_tracking":false,"_monsterinsights_sitenote_active":false,"_monsterinsights_sitenote_note":"","_monsterinsights_sitenote_category":0,"footnotes":""},"class_list":["post-216","page","type-page","status-publish","hentry"],"_links":{"self":[{"href":"https:\/\/www.makikuisma.fi\/index.php?rest_route=\/wp\/v2\/pages\/216","targetHints":{"allow":["GET"]}}],"collection":[{"href":"https:\/\/www.makikuisma.fi\/index.php?rest_route=\/wp\/v2\/pages"}],"about":[{"href":"https:\/\/www.makikuisma.fi\/index.php?rest_route=\/wp\/v2\/types\/page"}],"author":[{"embeddable":true,"href":"https:\/\/www.makikuisma.fi\/index.php?rest_route=\/wp\/v2\/users\/1"}],"replies":[{"embeddable":true,"href":"https:\/\/www.makikuisma.fi\/index.php?rest_route=%2Fwp%2Fv2%2Fcomments&post=216"}],"version-history":[{"count":16,"href":"https:\/\/www.makikuisma.fi\/index.php?rest_route=\/wp\/v2\/pages\/216\/revisions"}],"predecessor-version":[{"id":520,"href":"https:\/\/www.makikuisma.fi\/index.php?rest_route=\/wp\/v2\/pages\/216\/revisions\/520"}],"wp:attachment":[{"href":"https:\/\/www.makikuisma.fi\/index.php?rest_route=%2Fwp%2Fv2%2Fmedia&parent=216"}],"curies":[{"name":"wp","href":"https:\/\/api.w.org\/{rel}","templated":true}]}}