{"id":375,"date":"2018-08-20T12:14:03","date_gmt":"2018-08-20T09:14:03","guid":{"rendered":"https:\/\/www.makikuisma.fi\/?page_id=375"},"modified":"2019-01-28T12:34:33","modified_gmt":"2019-01-28T10:34:33","slug":"luumunkukkavasara","status":"publish","type":"page","link":"https:\/\/www.makikuisma.fi\/?page_id=375","title":{"rendered":"Luumunkukkavasara"},"content":{"rendered":"<p>Luumunkukkavasaralla stimuloidaan ihoa kevyesti naputtaen muutaman minuutin ajan, ja se stimuloi my\u00f6s ihonalaisia kerroksia, energiaa ja verta. Yleens\u00e4 tarkoituksena on saada iho punoittamaan.<\/p>\n<p>Vasaroimalla k\u00e4sitell\u00e4\u00e4n kanavia, tietty\u00e4 aluetta keholla tai sen ymp\u00e4rill\u00e4 tai tietty\u00e4 akupunktiopistett\u00e4. Hoitoa voidaan tehostaa laittamalla kuivakuppauslasit vasaroidulle alueelle. Vasarointi hoitona sopii hyvin neulakammoisille ja my\u00f6s lapsille.<\/p>\n<p><img loading=\"lazy\" decoding=\"async\" class=\"size-medium wp-image-391 alignleft\" src=\"https:\/\/www.makikuisma.fi\/wp-content\/uploads\/2018\/08\/vasarointi-200x300.jpg\" alt=\"\" width=\"200\" height=\"300\" srcset=\"https:\/\/www.makikuisma.fi\/wp-content\/uploads\/2018\/08\/vasarointi-200x300.jpg 200w, https:\/\/www.makikuisma.fi\/wp-content\/uploads\/2018\/08\/vasarointi-768x1152.jpg 768w, https:\/\/www.makikuisma.fi\/wp-content\/uploads\/2018\/08\/vasarointi-683x1024.jpg 683w\" sizes=\"auto, (max-width: 200px) 100vw, 200px\" \/><img loading=\"lazy\" decoding=\"async\" class=\"size-medium wp-image-393 alignleft\" src=\"https:\/\/www.makikuisma.fi\/wp-content\/uploads\/2018\/08\/vasarointi2-300x200.jpg\" alt=\"\" width=\"300\" height=\"200\" srcset=\"https:\/\/www.makikuisma.fi\/wp-content\/uploads\/2018\/08\/vasarointi2-300x200.jpg 300w, https:\/\/www.makikuisma.fi\/wp-content\/uploads\/2018\/08\/vasarointi2-768x512.jpg 768w, https:\/\/www.makikuisma.fi\/wp-content\/uploads\/2018\/08\/vasarointi2-1024x683.jpg 1024w, https:\/\/www.makikuisma.fi\/wp-content\/uploads\/2018\/08\/vasarointi2-770x513.jpg 770w, https:\/\/www.makikuisma.fi\/wp-content\/uploads\/2018\/08\/vasarointi2-370x247.jpg 370w\" sizes=\"auto, (max-width: 300px) 100vw, 300px\" \/><\/p>\n","protected":false},"excerpt":{"rendered":"<p>Luumunkukkavasaralla stimuloidaan ihoa kevyesti naputtaen muutaman minuutin ajan, ja se stimuloi my\u00f6s ihonalaisia kerroksia, energiaa ja verta. Yleens\u00e4 tarkoituksena on saada iho punoittamaan. Vasaroimalla k\u00e4sitell\u00e4\u00e4n&#8230;<\/p>\n","protected":false},"author":1,"featured_media":0,"parent":108,"menu_order":7,"comment_status":"closed","ping_status":"closed","template":"","meta":{"_monsterinsights_skip_tracking":false,"_monsterinsights_sitenote_active":false,"_monsterinsights_sitenote_note":"","_monsterinsights_sitenote_category":0,"footnotes":""},"class_list":["post-375","page","type-page","status-publish","hentry"],"_links":{"self":[{"href":"https:\/\/www.makikuisma.fi\/index.php?rest_route=\/wp\/v2\/pages\/375","targetHints":{"allow":["GET"]}}],"collection":[{"href":"https:\/\/www.makikuisma.fi\/index.php?rest_route=\/wp\/v2\/pages"}],"about":[{"href":"https:\/\/www.makikuisma.fi\/index.php?rest_route=\/wp\/v2\/types\/page"}],"author":[{"embeddable":true,"href":"https:\/\/www.makikuisma.fi\/index.php?rest_route=\/wp\/v2\/users\/1"}],"replies":[{"embeddable":true,"href":"https:\/\/www.makikuisma.fi\/index.php?rest_route=%2Fwp%2Fv2%2Fcomments&post=375"}],"version-history":[{"count":8,"href":"https:\/\/www.makikuisma.fi\/index.php?rest_route=\/wp\/v2\/pages\/375\/revisions"}],"predecessor-version":[{"id":469,"href":"https:\/\/www.makikuisma.fi\/index.php?rest_route=\/wp\/v2\/pages\/375\/revisions\/469"}],"up":[{"embeddable":true,"href":"https:\/\/www.makikuisma.fi\/index.php?rest_route=\/wp\/v2\/pages\/108"}],"wp:attachment":[{"href":"https:\/\/www.makikuisma.fi\/index.php?rest_route=%2Fwp%2Fv2%2Fmedia&parent=375"}],"curies":[{"name":"wp","href":"https:\/\/api.w.org\/{rel}","templated":true}]}}