{"id":449,"date":"2018-08-23T16:40:10","date_gmt":"2018-08-23T13:40:10","guid":{"rendered":"https:\/\/www.makikuisma.fi\/?page_id=449"},"modified":"2022-11-03T16:02:49","modified_gmt":"2022-11-03T14:02:49","slug":"perinteinen-kiinalainen-laaketiede-hoitomuotona","status":"publish","type":"page","link":"https:\/\/www.makikuisma.fi\/?page_id=449","title":{"rendered":"Perinteinen kiinalainen l\u00e4\u00e4ketiede hoitomuotona"},"content":{"rendered":"<p>Perinteisess\u00e4 kiinalaisessa l\u00e4\u00e4ketieteess\u00e4 ihmisen terveyden l\u00e4ht\u00f6kohtana on energian tarkoituksenmukainen ja harmoninen virtaus &#8211; aina solu- ja kudostasolta elin- ja j\u00e4rjestelm\u00e4tason kautta kehon ymp\u00e4rist\u00f6\u00f6n.<br \/>\nIhmisen terveys on dynaaminen tasapainotila sek\u00e4 kehon sis\u00e4ll\u00e4 ett\u00e4 suhteessa ymp\u00e4rist\u00f6\u00f6n. Se on kyky\u00e4 vastata sopivalla, tasapainoa ja yhten\u00e4isyytt\u00e4 yll\u00e4pit\u00e4v\u00e4ll\u00e4 tavalla monenlaisiin haasteisiin.<br \/>\nSairaus edustaa sopeutumisen ep\u00e4onnistumista muuttuvissa olosuhteissa. Sairauden tai vaivan syy voi olla mik\u00e4 tahansa ylitsep\u00e4\u00e4sem\u00e4t\u00f6n haaste keholle tai mielelle, kuten vaikka haitallinen aine tai negatiivinen tunne. Ihmisen sairastuessa Qit\u00e4 t\u00e4ytyy suojella ja vahvistaa.<\/p>\n<p>\u201dIhminen ei ole huonossa kunnossa, koska h\u00e4n sairastaa, vaan h\u00e4n sairastaa, koska on huonossa kunnossa.\u201d<\/p>\n<p>Perinteinen kiinalainen l\u00e4\u00e4ketiede on tehokas ja turvallinen hoitomuoto. Siin\u00e4 pyrit\u00e4\u00e4n hoitamaan ihmisen kokonaisuutta: fyysist\u00e4 ja henkist\u00e4 terveyden tilaa. Ensimm\u00e4isell\u00e4 kerralla tehd\u00e4\u00e4n potilashaastattelu ja jokainen hoito aloitetaan mittaamalla pulssi ja tutkimalla kieli. Hoidon j\u00e4lkeen on kuunneltava, mit\u00e4 keho pyyt\u00e4\u00e4. Eli jos hoidon j\u00e4lkeen on raukea ja v\u00e4synyt olo, kannattaa ottaa rauhallisesti ainakin hoidon j\u00e4lkeinen ilta.<\/p>\n<p>Hoitokertojen m\u00e4\u00e4r\u00e4 riippuu hoidettavasta vaivasta ja sairaudesta. Ihmisen hyvinvointia voidaan parantaa perinteisen kiinalaisen l\u00e4\u00e4ketieteen keinoin my\u00f6s ennaltaehk\u00e4isev\u00e4sti. Hoitajalla on ehdoton vaitiolovelvollisuus.<\/p>\n<p>Min\u00e4 k\u00e4yt\u00e4n hoitolassani akupunktiota, moksausta, kuivakuppausta, liukukuppausta, seitsent\u00e4htivasaraa, mikrokuppausta ja akupisteiden hierontaa. Usein sekoitan my\u00f6s klassista hierontaa hoitohin, sill\u00e4 kosketuksen kautta hoidettavasta ihmisest\u00e4 saa monenlaista tietoa hyv\u00e4n hoidon toteuttamiseksi.<\/p>\n<p>Kiinalaisten hoitojen kontraindikaatioita eli hoidon esteit\u00e4 ovat akuutti voimakas tulehdustila, akuutti sy\u00f6p\u00e4 ja korkea kuume. Kuppauksia ei tulisi tehd\u00e4 syd\u00e4men vajaatoiminnasta k\u00e4rsiville ja voimakkaaasti iho-oireisille. Jos hoito kiinnostaa, kannattaa aina kysy\u00e4, soveltuuko hoito tietyist\u00e4 oirieista k\u00e4rsiville.<\/p>\n","protected":false},"excerpt":{"rendered":"<p>Perinteisess\u00e4 kiinalaisessa l\u00e4\u00e4ketieteess\u00e4 ihmisen terveyden l\u00e4ht\u00f6kohtana on energian tarkoituksenmukainen ja harmoninen virtaus &#8211; aina solu- ja kudostasolta elin- ja j\u00e4rjestelm\u00e4tason kautta kehon ymp\u00e4rist\u00f6\u00f6n. Ihmisen terveys&#8230;<\/p>\n","protected":false},"author":1,"featured_media":0,"parent":108,"menu_order":0,"comment_status":"closed","ping_status":"closed","template":"","meta":{"_monsterinsights_skip_tracking":false,"_monsterinsights_sitenote_active":false,"_monsterinsights_sitenote_note":"","_monsterinsights_sitenote_category":0,"footnotes":""},"class_list":["post-449","page","type-page","status-publish","hentry"],"_links":{"self":[{"href":"https:\/\/www.makikuisma.fi\/index.php?rest_route=\/wp\/v2\/pages\/449","targetHints":{"allow":["GET"]}}],"collection":[{"href":"https:\/\/www.makikuisma.fi\/index.php?rest_route=\/wp\/v2\/pages"}],"about":[{"href":"https:\/\/www.makikuisma.fi\/index.php?rest_route=\/wp\/v2\/types\/page"}],"author":[{"embeddable":true,"href":"https:\/\/www.makikuisma.fi\/index.php?rest_route=\/wp\/v2\/users\/1"}],"replies":[{"embeddable":true,"href":"https:\/\/www.makikuisma.fi\/index.php?rest_route=%2Fwp%2Fv2%2Fcomments&post=449"}],"version-history":[{"count":7,"href":"https:\/\/www.makikuisma.fi\/index.php?rest_route=\/wp\/v2\/pages\/449\/revisions"}],"predecessor-version":[{"id":546,"href":"https:\/\/www.makikuisma.fi\/index.php?rest_route=\/wp\/v2\/pages\/449\/revisions\/546"}],"up":[{"embeddable":true,"href":"https:\/\/www.makikuisma.fi\/index.php?rest_route=\/wp\/v2\/pages\/108"}],"wp:attachment":[{"href":"https:\/\/www.makikuisma.fi\/index.php?rest_route=%2Fwp%2Fv2%2Fmedia&parent=449"}],"curies":[{"name":"wp","href":"https:\/\/api.w.org\/{rel}","templated":true}]}}