{"id":487,"date":"2020-05-18T07:40:36","date_gmt":"2020-05-18T04:40:36","guid":{"rendered":"https:\/\/www.makikuisma.fi\/?page_id=487"},"modified":"2023-12-29T10:31:43","modified_gmt":"2023-12-29T08:31:43","slug":"klassinen-hieronta","status":"publish","type":"page","link":"https:\/\/www.makikuisma.fi\/?page_id=487","title":{"rendered":"klassinen hieronta"},"content":{"rendered":"\n<p><strong>Klassinen hieronta<\/strong> (45 tai 90 minuuttia), jonka yhteyteen voidaan lis\u00e4t\u00e4 tarpeen mukaan <strong>mobilisoivaa hierontaa<\/strong>, faskioitten l. lihaskalvojen k\u00e4sittely\u00e4 <strong>kalvoraudoilla<\/strong> <strong>tai imukupeilla<\/strong> sek\u00e4 <strong>kinesioteippausta<\/strong>.<\/p>\n\n\n\n<p><strong>Rentouttava hunajahieronta<\/strong> kest\u00e4\u00e4 joko 60 tai 90 minuuttia, jossa k\u00e4ytet\u00e4\u00e4n hunajaa, joka on per\u00e4isin omasta tuotannosta Rautavaaralta.<\/p>\n\n\n\n<p>Fytoterapiaopintojen my\u00f6t\u00e4 olen lis\u00e4nnyt hoitoihin <strong>yrttil\u00e4\u00e4kint\u00e4\u00e4 ja\/tai yrttinyyttihieronnan<\/strong>, jossa koko kehoa tai tietty\u00e4 kehonosaa hierotaan \u00f6ljyss\u00e4 l\u00e4mmitetyill\u00e4 yrttinyyteill\u00e4. Yrttinyyttihieronta ainoastaan Kangaslahdessa.<\/p>\n\n\n\n<p><\/p>\n","protected":false},"excerpt":{"rendered":"<p>Klassinen hieronta (45 tai 90 minuuttia), jonka yhteyteen voidaan lis\u00e4t\u00e4 tarpeen mukaan mobilisoivaa hierontaa, faskioitten l. lihaskalvojen k\u00e4sittely\u00e4 kalvoraudoilla tai imukupeilla sek\u00e4 kinesioteippausta. Rentouttava hunajahieronta&#8230;<\/p>\n","protected":false},"author":1,"featured_media":0,"parent":0,"menu_order":2,"comment_status":"closed","ping_status":"closed","template":"","meta":{"_monsterinsights_skip_tracking":false,"_monsterinsights_sitenote_active":false,"_monsterinsights_sitenote_note":"","_monsterinsights_sitenote_category":0,"footnotes":""},"class_list":["post-487","page","type-page","status-publish","hentry"],"_links":{"self":[{"href":"https:\/\/www.makikuisma.fi\/index.php?rest_route=\/wp\/v2\/pages\/487","targetHints":{"allow":["GET"]}}],"collection":[{"href":"https:\/\/www.makikuisma.fi\/index.php?rest_route=\/wp\/v2\/pages"}],"about":[{"href":"https:\/\/www.makikuisma.fi\/index.php?rest_route=\/wp\/v2\/types\/page"}],"author":[{"embeddable":true,"href":"https:\/\/www.makikuisma.fi\/index.php?rest_route=\/wp\/v2\/users\/1"}],"replies":[{"embeddable":true,"href":"https:\/\/www.makikuisma.fi\/index.php?rest_route=%2Fwp%2Fv2%2Fcomments&post=487"}],"version-history":[{"count":8,"href":"https:\/\/www.makikuisma.fi\/index.php?rest_route=\/wp\/v2\/pages\/487\/revisions"}],"predecessor-version":[{"id":556,"href":"https:\/\/www.makikuisma.fi\/index.php?rest_route=\/wp\/v2\/pages\/487\/revisions\/556"}],"wp:attachment":[{"href":"https:\/\/www.makikuisma.fi\/index.php?rest_route=%2Fwp%2Fv2%2Fmedia&parent=487"}],"curies":[{"name":"wp","href":"https:\/\/api.w.org\/{rel}","templated":true}]}}