{"id":492,"date":"2020-05-18T08:09:21","date_gmt":"2020-05-18T05:09:21","guid":{"rendered":"https:\/\/www.makikuisma.fi\/?page_id=492"},"modified":"2020-06-14T15:45:31","modified_gmt":"2020-06-14T12:45:31","slug":"tietosuojaseloste-2","status":"publish","type":"page","link":"https:\/\/www.makikuisma.fi\/?page_id=492","title":{"rendered":"TIETOSUOJASELOSTE"},"content":{"rendered":"\n<p>Koulutettu hieroja, terveydenhuollon ammattilaisena ja yritt\u00e4j\u00e4n\u00e4, ker\u00e4\u00e4 asiakkaistaan hoidon ja asiakassuhteen kannalta olennaiset tiedot. Ammatinharjoittaja on vastuussa ker\u00e4\u00e4mist\u00e4\u00e4n asiakastiedoista, niiden s\u00e4ilytt\u00e4misest\u00e4 ja suojaamisesta. Koulutettu hieroja on vaitiolovelvollinen ja asiakastiedot ovat lain mukaan salassa pidett\u00e4vi\u00e4.<br>&nbsp;<br><strong>Rekisterinpit\u00e4j\u00e4<\/strong><br><br>Hoitola M\u00e4kikuisma<\/p>\n\n\n\n<p>Kangaslahdentie &nbsp;200<\/p>\n\n\n\n<p>73990 Kangaslahti<\/p>\n\n\n\n<p>0400 699331<\/p>\n\n\n\n<p>Y-tunnus: 2857457-5<\/p>\n\n\n\n<p><strong>Rekisterist\u00e4 vastaa<\/strong><br><br>Maarit Korhonen<\/p>\n\n\n\n<p>hoitolamakikuisma@gmail.com&nbsp;<br>&nbsp;<br><strong>Rekisterin nimi<\/strong><br><br>Hoitola M\u00e4kikuisman asiakasrekisteri<\/p>\n\n\n\n<p><strong>Tietojen ker\u00e4\u00e4misen ja k\u00e4sittelyn tarkoitus<\/strong><br><br>Henkil\u00f6tietojen ker\u00e4\u00e4misen ja k\u00e4sittelyn tarkoituksena on turvata asiakkaalle mahdollisimman hyv\u00e4 ja turvallinen hoito sek\u00e4 toimiva asiakassuhde. Tietoja, jotka eiv\u00e4t ole hoidon tai asiakassuhteen hoitamisen kannalta tarpeellisia ei ker\u00e4t\u00e4. Ker\u00e4tt\u00e4v\u00e4t tiedot ovat tarkoitettu potilasturvallisuudesta huolehtimiseen, palveluiden ja tuotteiden tuottamiseen ja toimittamiseen asiakkaalle, asiakassuhteen yll\u00e4pit\u00e4mist\u00e4, kehitt\u00e4mist\u00e4 ja tilastointia varten.<br><br><strong>Noudatettavia lakeja:<\/strong><br><br>Henkil\u00f6tietolaki 523\/1999<br>Kuluttajansuojalaki 393\/2014<br>Laki terveydenhuollon ammattihenkil\u00f6ist\u00e4 559\/1994<br>Laki potilaan asemasta ja oikeuksista 785\/1992<br>S\u00e4hk\u00f6isen viestinn\u00e4n tietosuojalaki 516\/2004<br>Sosiaali- ja terveysministeri\u00f6n asetus potilasasiakirjoista 30.3.2009\/298<br>&nbsp;<br><strong>Rekisteriin kirjattavat tiedot:<\/strong><br><br><strong>1.Henkil\u00f6tiedot:<\/strong> etunimi, sukunimi, syntym\u00e4aika, puhelinnumero, s\u00e4hk\u00f6postiosoite.<br>2. <strong>Yritystiedot:<\/strong> yrityksen nimi, yritystunnus, puhelinnumero, s\u00e4hk\u00f6postiosoite, verkkosivujen osoite, yhteyshenkil\u00f6n tiedot, laskutukseen liittyv\u00e4t tiedot<br>3. <strong>Terveydentilaa koskevat tiedot:<\/strong> hierontaan tulosyy, hieronnan kontraindikaatiot, asiakkaan terveydentila ja k\u00e4ytt\u00e4m\u00e4t l\u00e4\u00e4kkeet, allergiat, leikkaukset ja vammat, raskaus, aikaisemmat hoidot sek\u00e4 asiakkaan antamat lis\u00e4tiedot.<br>4. <strong>Hoitotapahtumaa koskevat tiedot:<\/strong> asiakkaan hoidon alkutilanne, tehdyt testit, hoitoajat, annettu hoito, muistiinpanot, tapaamiset sek\u00e4 asiakkaan antamat lis\u00e4tiedot<br>5. <strong>Asiakkaan antamat lis\u00e4tiedot: <\/strong>ty\u00f6n luonne, harrastukset, arki- ja ty\u00f6p\u00e4iv\u00e4n ergonomiaan liittyv\u00e4t asiat sek\u00e4 muu sellainen tieto, jolla on merkityst\u00e4 hoidon suunnittelussa tai toteutuksessa.<br>6. <strong>Suostumus suoramarkkinointiin ja mainontaan:<\/strong> s\u00e4hk\u00f6postiosoite tai puhelinnumero. Asiakkaan luvalla yhteystietoja k\u00e4ytet\u00e4\u00e4n palveluihin, tarjouksiin ja tapahtumiin liittyv\u00e4\u00e4n tiedottamiseen ja mainontaan. Asiakkaalla on oikeus kielt\u00e4\u00e4 tietojen k\u00e4ytt\u00e4minen t\u00e4h\u00e4n tarkoitukseen, milloin tahansa.<br><br><strong>Tietojen ker\u00e4\u00e4minen<\/strong><br>Tiedot ker\u00e4t\u00e4\u00e4n asiakkaan yhteydenotoista, asiakastietolomakkeesta, alkuhaastattelusta sek\u00e4 hoidon aikana saaduista lis\u00e4tiedoista sek\u00e4 k\u00e4ydyist\u00e4 keskusteluista. My\u00f6s s\u00e4hk\u00f6postin tai internetsivujen, sek\u00e4 internetpohjaisen varausj\u00e4rjestelm\u00e4n v\u00e4lityksell\u00e4 tullutta tietoa voidaan ker\u00e4t\u00e4, jos sill\u00e4 on hoidon tai muun yritystoiminnan kannalta merkityst\u00e4.<br><br><strong>Tietojen luovuttaminen<\/strong><br><br>Tietoja ei luovuteta Hoitola M\u00e4kikuisman ulkopuolelle, ilman asiakkaan kirjallista lupaa. Tarvittaessa potilasasiakirjat luovutetaan p\u00e4\u00e4s\u00e4\u00e4nt\u00f6isesti kopioina ja luovuttamisesta tehd\u00e4\u00e4n aina merkint\u00e4 asiakirjaan. Merkint\u00e4 tehd\u00e4\u00e4n my\u00f6s siit\u00e4, jos potilas on kielt\u00e4nyt tietojensa luovuttamisen.<br>Tietoja voidaan luovuttaa vain lain sallimissa rajoissa viranomaisille.<br>Asiakkaalla on oikeus saada n\u00e4ht\u00e4v\u00e4ksi ja tarkistettavaksi h\u00e4nest\u00e4 ker\u00e4tyt tiedot sek\u00e4 saada korjatuksi v\u00e4\u00e4r\u00e4t tiedot. Asiakkaalla on my\u00f6s oikeus saada halutessaan kopiot potilasasiakirjoista sek\u00e4 tietoa h\u00e4nest\u00e4 ker\u00e4tyist\u00e4 tiedoista. Henkil\u00f6tietoja ei myyd\u00e4 tai muutoin luovuteta kolmannelle osapuolelle.<br><br><strong>Henkil\u00f6tietojen luovuttaminen EU-maiden ulkopuolelle<\/strong><br><br>Potilastietoja ei siirret\u00e4, s\u00e4ilytet\u00e4 tai luovuteta EU:n tai ETA:n ulkopuolelle.<br><br><strong>Rekisterin suojauksen periaatteet<\/strong><br><br>Manuaaliset asiakastiedot\/potilastiedot (hieronnan esitietolomakkeet ja hoitokortit) s\u00e4ilytet\u00e4\u00e4n valvonnan alaisina asiakaskansioissa, jotka s\u00e4ilytet\u00e4\u00e4n lukollisessa arkistokaapissa Hoitola M\u00e4kikuisman toimitiloissa. Kansiossa oleviin tietoihin on p\u00e4\u00e4sy ainoastaan hoitosuhteessa olevilla ty\u00f6ntekij\u00f6ill\u00e4. Manuaaliset tiedot s\u00e4ilytet\u00e4\u00e4n lain edellytt\u00e4m\u00e4n ajan. (Sosiaali- ja terveysministeri\u00f6n asetus potilasasiakirjoista 30.3.2009\/298)<br><\/p>\n","protected":false},"excerpt":{"rendered":"<p>Koulutettu hieroja, terveydenhuollon ammattilaisena ja yritt\u00e4j\u00e4n\u00e4, ker\u00e4\u00e4 asiakkaistaan hoidon ja asiakassuhteen kannalta olennaiset tiedot. Ammatinharjoittaja on vastuussa ker\u00e4\u00e4mist\u00e4\u00e4n asiakastiedoista, niiden s\u00e4ilytt\u00e4misest\u00e4 ja suojaamisesta. Koulutettu hieroja&#8230;<\/p>\n","protected":false},"author":1,"featured_media":0,"parent":0,"menu_order":5,"comment_status":"closed","ping_status":"closed","template":"","meta":{"_monsterinsights_skip_tracking":false,"_monsterinsights_sitenote_active":false,"_monsterinsights_sitenote_note":"","_monsterinsights_sitenote_category":0,"footnotes":""},"class_list":["post-492","page","type-page","status-publish","hentry"],"_links":{"self":[{"href":"https:\/\/www.makikuisma.fi\/index.php?rest_route=\/wp\/v2\/pages\/492","targetHints":{"allow":["GET"]}}],"collection":[{"href":"https:\/\/www.makikuisma.fi\/index.php?rest_route=\/wp\/v2\/pages"}],"about":[{"href":"https:\/\/www.makikuisma.fi\/index.php?rest_route=\/wp\/v2\/types\/page"}],"author":[{"embeddable":true,"href":"https:\/\/www.makikuisma.fi\/index.php?rest_route=\/wp\/v2\/users\/1"}],"replies":[{"embeddable":true,"href":"https:\/\/www.makikuisma.fi\/index.php?rest_route=%2Fwp%2Fv2%2Fcomments&post=492"}],"version-history":[{"count":3,"href":"https:\/\/www.makikuisma.fi\/index.php?rest_route=\/wp\/v2\/pages\/492\/revisions"}],"predecessor-version":[{"id":504,"href":"https:\/\/www.makikuisma.fi\/index.php?rest_route=\/wp\/v2\/pages\/492\/revisions\/504"}],"wp:attachment":[{"href":"https:\/\/www.makikuisma.fi\/index.php?rest_route=%2Fwp%2Fv2%2Fmedia&parent=492"}],"curies":[{"name":"wp","href":"https:\/\/api.w.org\/{rel}","templated":true}]}}